{"id":740,"date":"2022-11-16T07:55:30","date_gmt":"2022-11-16T13:55:30","guid":{"rendered":"https:\/\/aguaaeditoras.com\/?page_id=740"},"modified":"2024-08-10T19:17:16","modified_gmt":"2024-08-11T01:17:16","slug":"conocenos","status":"publish","type":"page","link":"https:\/\/aguaaeditoras.com\/index.php\/conocenos\/","title":{"rendered":"Con\u00f3cenos"},"content":{"rendered":"<p>[vc_row css=&#8221;.vc_custom_1668607396048{margin-top: 50px !important;margin-bottom: 50px !important;}&#8221;][vc_column css=&#8221;.vc_custom_1670558028669{margin-top: 100px !important;}&#8221;][vc_column_text][\/vc_column_text][vc_custom_heading text=&#8221;Con\u00f3cenos&#8221; google_fonts=&#8221;font_family:Cabin%3Aregular%2Citalic%2C500%2C500italic%2C600%2C600italic%2C700%2C700italic|font_style:400%20regular%3A400%3Anormal&#8221;][\/vc_column][\/vc_row][vc_row][vc_column width=&#8221;1\/4&#8243;][vc_single_image image=&#8221;842&#8243; img_size=&#8221;large&#8221; style=&#8221;vc_box_rounded&#8221;][\/vc_column][vc_column width=&#8221;3\/4&#8243;][vc_column_text]<\/p>\n<p style=\"text-align: justify;\">Mi nombre es <em>\u00a0Ana Rojas<\/em>, soy originaria de Xochimilco, Ciudad de M\u00e9xico, con ascendencia jarocha y queretana.\u00a0 Tengo estudios en bibliotecolog\u00eda y archiv\u00edstica.<\/p>\n<p style=\"text-align: justify;\">Me he desempe\u00f1ado dentro del \u00e1rea bibliotecol\u00f3gica en diferentes dependencias de la Universidad Nacional Aut\u00f3noma de M\u00e9xico, as\u00ed como en bibliotecas privadas. En cuanto al trabajo archiv\u00edstico, lo he desarrollado dentro del sector p\u00fablico; sin embargo, me encantar\u00eda crear alg\u00fan proyecto de archiv\u00edstica comunitaria.<\/p>\n<p style=\"text-align: justify;\">En el campo editorial he coordinado la investigaci\u00f3n documental e iconogr\u00e1fica de diferentes publicaciones, trabajo que se ha convertido en una gran pasi\u00f3n y proyecto de vida, el cual actualmente desenvuelvo en AGUAA.<\/p>\n<p>[\/vc_column_text][\/vc_column][\/vc_row][vc_row][vc_column width=&#8221;1\/4&#8243;][vc_single_image image=&#8221;841&#8243; img_size=&#8221;large&#8221; style=&#8221;vc_box_rounded&#8221;][\/vc_column][vc_column width=&#8221;3\/4&#8243;][vc_column_text]<\/p>\n<p style=\"text-align: justify;\">Yo soy <em>Gabriela Pardo<\/em>; cuento con una carrera t\u00e9cnica como maestra de danza folkl\u00f3rica por la Escuela Nacional de Danza Folkl\u00f3rica (\u00a1amo bailar!) y con la licenciatura en Ciencias de la Comunicaci\u00f3n por la Universidad del Valle de M\u00e9xico.<\/p>\n<p style=\"text-align: justify;\">En 1996 inici\u00e9 mi camino por el mundo editorial dentro del \u00e1mbito cultural, gracias a mi participaci\u00f3n como asistente editorial y coautora en el cat\u00e1logo de la exposici\u00f3n <em>Arte Popular Mexicano. Cinco siglos <\/em>(Antiguo Colegio de San Ildefonso). He trabajado en instituciones tanto p\u00fablicas como privadas realizando dict\u00e1menes, investigaci\u00f3n documental e iconogr\u00e1fica, redacci\u00f3n, correcci\u00f3n de estilo, cuidado editorial y cuidado de impresi\u00f3n tanto en M\u00e9xico como en Espa\u00f1a; asimismo, he impartido conferencias sobre el trabajo editorial y emprendimiento a j\u00f3venes universitarios. Constantemente busco actualizarme, he tomado cursos y talleres de edici\u00f3n, redacci\u00f3n, correcci\u00f3n de estilo y producci\u00f3n editorial; tambi\u00e9n de fotograf\u00eda, marketing, redes sociales, liderazgo y emprendimiento. Actualmente, adem\u00e1s de ser editora en AGUAA, doy clases de ortograf\u00eda y redacci\u00f3n a adultos.<\/p>\n<p>[\/vc_column_text][\/vc_column][\/vc_row][vc_row][vc_column width=&#8221;1\/4&#8243;][vc_single_image image=&#8221;632&#8243; img_size=&#8221;large&#8221; style=&#8221;vc_box_rounded&#8221;][\/vc_column][vc_column width=&#8221;3\/4&#8243;][vc_column_text]<\/p>\n<p style=\"text-align: justify;\">Mi nombre es <em>Uriel Jim\u00e9nez Alc\u00e1ntara<\/em>, nac\u00ed en Irapuato, Guanajuato, y como la mayor\u00eda de mis paisanos, \u00a1amo las fresas! Estudi\u00e9 periodismo en la Escuela Carlos Septi\u00e9n Garc\u00eda, me gust\u00f3 tanto estudiar la licenciatura en esa instituci\u00f3n que me lanc\u00e9 a estudiar una maestr\u00eda en Periodismo Pol\u00edtico.<\/p>\n<p style=\"text-align: justify;\">Tengo el superpoder de aparentar menor edad, y esta caracter\u00edstica ha sido un im\u00e1n para que todos piensen que soy nativo digital. Tambi\u00e9n dan por hecho que s\u00e9 todo sobre redes sociales, gadgets, celulares, computadoras y nuevas tendencias&#8230; \u00a1Oye, espera, apenas abr\u00ed mi cuenta en TikTok! Estas suposiciones me han obligado a aprender sobre estos temas y bueno, \u00bfadivina qu\u00e9? \u00a1Me encanta!, y pues en alg\u00fan momento me convert\u00ed en un periodista especialista en redes sociales, marketing digital, blogger, influencer pocos <em>followers<\/em>, maestro Pokem\u00f3n y madre de dragones.<\/p>\n<p style=\"text-align: justify;\">Pero seguro te preguntar\u00e1s, \u00bfy de qu\u00e9 te sirvi\u00f3 tu maestr\u00eda en Periodismo Pol\u00edtico? Calma, tambi\u00e9n he coordinado las redes sociales de campa\u00f1as pol\u00edticas y he colaborado para distintas dependencias gubernamentales, incluyendo Presidencia de la Rep\u00fablica.<\/p>\n<p style=\"text-align: justify;\">\u00a1Ah!, y por si estabas con el pendiente, un art\u00edculo no me define.<\/p>\n<p>[\/vc_column_text][\/vc_column][\/vc_row][vc_row][vc_column width=&#8221;1\/4&#8243;][vc_single_image image=&#8221;635&#8243; img_size=&#8221;large&#8221; style=&#8221;vc_box_rounded&#8221;][\/vc_column][vc_column width=&#8221;3\/4&#8243;][vc_column_text]<\/p>\n<p style=\"text-align: justify;\">Mi nombre es <em>Alejandra Rivas G\u00f3mez,<\/em> soy licenciada en Dise\u00f1o Gr\u00e1fico, egresada de la Facultad de Estudios Superiores Acatl\u00e1n, de la Universidad Nacional Aut\u00f3noma de M\u00e9xico (UNAM).<\/p>\n<p style=\"text-align: justify;\">En mi vida profesional me he desempe\u00f1ado principalmente en el dise\u00f1o editorial dentro de empresas especializadas en este ramo. Paralelamente a mi trabajo en AGUAA, ocupo el puesto de dise\u00f1adora gr\u00e1fica en una editorial, realizando el dise\u00f1o de portadas y maquetaci\u00f3n. He cursado estudios relacionados con el dise\u00f1o editorial, por ejemplo un diplomado en Dise\u00f1o Editorial de Peri\u00f3dicos y Revistas, impartido por la UNAM.<\/p>\n<p>[\/vc_column_text][\/vc_column][\/vc_row]<\/p>\n","protected":false},"excerpt":{"rendered":"<p>[vc_row css=&#8221;.vc_custom_1668607396048{margin-top: 50px !important;margin-bottom: 50px !important;}&#8221;][vc_column css=&#8221;.vc_custom_1670558028669{margin-top: 100px !important;}&#8221;][vc_column_text][\/vc_column_text][vc_custom_heading text=&#8221;Con\u00f3cenos&#8221; google_fonts=&#8221;font_family:Cabin%3Aregular%2Citalic%2C500%2C500italic%2C600%2C600italic%2C700%2C700italic|font_style:400%20regular%3A400%3Anormal&#8221;][\/vc_column][\/vc_row][vc_row][vc_column width=&#8221;1\/4&#8243;][vc_single_image image=&#8221;842&#8243; img_size=&#8221;large&#8221; style=&#8221;vc_box_rounded&#8221;][\/vc_column][vc_column width=&#8221;3\/4&#8243;][vc_column_text] Mi nombre es \u00a0Ana Rojas, soy originaria de Xochimilco, Ciudad de M\u00e9xico, con ascendencia jarocha y queretana.\u00a0 Tengo estudios en bibliotecolog\u00eda y archiv\u00edstica. Me he desempe\u00f1ado dentro del \u00e1rea bibliotecol\u00f3gica en diferentes dependencias de la Universidad Nacional Aut\u00f3noma de [&hellip;]<\/p>\n","protected":false},"author":1,"featured_media":0,"parent":0,"menu_order":0,"comment_status":"closed","ping_status":"closed","template":"","meta":{"footnotes":""},"class_list":["post-740","page","type-page","status-publish","hentry"],"jetpack_sharing_enabled":true,"_links":{"self":[{"href":"https:\/\/aguaaeditoras.com\/index.php\/wp-json\/wp\/v2\/pages\/740","targetHints":{"allow":["GET"]}}],"collection":[{"href":"https:\/\/aguaaeditoras.com\/index.php\/wp-json\/wp\/v2\/pages"}],"about":[{"href":"https:\/\/aguaaeditoras.com\/index.php\/wp-json\/wp\/v2\/types\/page"}],"author":[{"embeddable":true,"href":"https:\/\/aguaaeditoras.com\/index.php\/wp-json\/wp\/v2\/users\/1"}],"replies":[{"embeddable":true,"href":"https:\/\/aguaaeditoras.com\/index.php\/wp-json\/wp\/v2\/comments?post=740"}],"version-history":[{"count":13,"href":"https:\/\/aguaaeditoras.com\/index.php\/wp-json\/wp\/v2\/pages\/740\/revisions"}],"predecessor-version":[{"id":1117,"href":"https:\/\/aguaaeditoras.com\/index.php\/wp-json\/wp\/v2\/pages\/740\/revisions\/1117"}],"wp:attachment":[{"href":"https:\/\/aguaaeditoras.com\/index.php\/wp-json\/wp\/v2\/media?parent=740"}],"curies":[{"name":"wp","href":"https:\/\/api.w.org\/{rel}","templated":true}]}}