{"id":675,"date":"2022-11-15T18:45:12","date_gmt":"2022-11-16T00:45:12","guid":{"rendered":"https:\/\/aguaaeditoras.com\/?page_id=675"},"modified":"2023-01-21T19:04:46","modified_gmt":"2023-01-22T01:04:46","slug":"servicios","status":"publish","type":"page","link":"https:\/\/aguaaeditoras.com\/index.php\/servicios\/","title":{"rendered":"Servicios"},"content":{"rendered":"<p>[vc_row][vc_column css=&#8221;.vc_custom_1674349435100{margin-top: 100px !important;}&#8221;][vc_custom_heading text=&#8221;Servicios&#8221; google_fonts=&#8221;font_family:Cabin%3Aregular%2Citalic%2C500%2C500italic%2C600%2C600italic%2C700%2C700italic|font_style:400%20regular%3A400%3Anormal&#8221;][\/vc_column][vc_column][vc_tta_accordion style=&#8221;modern&#8221; color=&#8221;turquoise&#8221; spacing=&#8221;1&#8243; gap=&#8221;2&#8243; c_icon=&#8221;chevron&#8221; active_section=&#8221;non-existing number&#8221; collapsible_all=&#8221;true&#8221; css=&#8221;.vc_custom_1674348718692{padding-top: 20px !important;padding-bottom: 50px !important;}&#8221;][vc_tta_section title=&#8221;Edici\u00f3n&#8221; tab_id=&#8221;1668558372641-82c9e5ef-88de&#8221;][vc_row_inner][vc_column_inner width=&#8221;1\/2&#8243;][vc_single_image image=&#8221;847&#8243; img_size=&#8221;large&#8221;][\/vc_column_inner][vc_column_inner width=&#8221;1\/2&#8243;][vc_column_text]<\/p>\n<p style=\"text-align: justify;\">\u00a0El trabajo de correcci\u00f3n de estilo es el primero del proceso editorial y es muy importante porque es cuando detectamos errores gramaticales, ortogr\u00e1ficos, mala sintaxis, etc\u00e9tera. Con mucho cuidado revisamos que la estructura de la obra sea l\u00f3gica; ajustamos la ortograf\u00eda a las normas, como el uso de may\u00fasculas, acentuaci\u00f3n, formaci\u00f3n de abreviaturas y escritura de cifras, etc\u00e9tera. Verificamos que la puntuaci\u00f3n del escrito permita la transmisi\u00f3n clara del mensaje, y que las palabras en otros idiomas est\u00e9n bien escritas y correctamente utilizadas; eliminamos cacofon\u00edas, extranjerismos innecesarios, repeticiones in\u00fatiles; resolvemos cualquier duda con los autores y cotejamos traducciones, en caso de que las haya.<\/p>\n<p style=\"text-align: justify;\">Ponemos especial atenci\u00f3n a los detalles, por ejemplo reemplazar el lenguaje sexista, si es necesario, as\u00ed como expresiones ofensivas o discriminatorias, cuidamos que no se abuse del lenguaje coloquial, que no haya afirmaciones ofensivas y, muy importante, que no exista plagio.<\/p>\n<p style=\"text-align: justify;\">Posterior a la correcci\u00f3n de estilo, realizamos varias lecturas ortotipogr\u00e1ficas. Este tipo de lectura consiste en verificar errores tipogr\u00e1ficos, palabras mal escritas, palabras repetidas, may\u00fasculas y min\u00fasculas; distinguir entre rayas y guiones, tambi\u00e9n en checar las normas de estilo por si al corrector se le escap\u00f3 alguna, detectar omisiones de tildes y signos de puntuaci\u00f3n; aplicar recursos tipogr\u00e1ficos como comillas, numeraciones, cursivas, negritas, versalitas, etc\u00e9tera.<\/p>\n<p style=\"text-align: justify;\">Cuando la lectura se realice sobre el texto ya maquetado para versi\u00f3n impresa (compaginadas) detectamos viudas, hu\u00e9rfanas, callejones, r\u00edos, rosarios y palabras mal partidas; asimismo, se\u00f1alamos errores en el tratamiento de blancos, m\u00e1rgenes, l\u00edneas cortas y foliaci\u00f3n; revisamos el sumario y su correspondencia con la obra, elaboramos el \u00edndice y cotejamos con la paginaci\u00f3n.<\/p>\n<p>[\/vc_column_text][\/vc_column_inner][\/vc_row_inner][\/vc_tta_section][vc_tta_section title=&#8221;Dise\u00f1o&#8221; tab_id=&#8221;1668558505296-c29e330a-4a24&#8243;][vc_row_inner][vc_column_inner width=&#8221;1\/2&#8243;][vc_single_image image=&#8221;848&#8243; img_size=&#8221;large&#8221;][\/vc_column_inner][vc_column_inner width=&#8221;1\/2&#8243;][vc_column_text]<\/p>\n<p style=\"text-align: justify;\">En AGUAA nos esmeramos en crear obras de arte, combinando cuidadosamente la pasi\u00f3n por las letras con el dise\u00f1o para que cada libro sea, adem\u00e1s de \u00fatil, bello.<\/p>\n<p style=\"text-align: justify;\">Contamos con la experiencia para dise\u00f1ar los libros de acuerdo con el tema, encontrando equilibrio y armon\u00eda entre las distintas partes del contenido para que se integren en un todo, a trav\u00e9s del tratamiento tipogr\u00e1fico y gr\u00e1fico adecuado, con el fin de conectar a las y los autores con su p\u00fablico, mediante el libro como un\u00a0 objeto de arte.<\/p>\n<p style=\"text-align: justify;\">Con respecto a los forros, las y los autores pueden comunicarnos si desean algo en particular o si prefieren alguna sugerencia. Recordemos que la portada es la carta de presentaci\u00f3n y debe ser impactante.<\/p>\n<p>[\/vc_column_text][\/vc_column_inner][\/vc_row_inner][\/vc_tta_section][vc_tta_section title=&#8221;Impresi\u00f3n y\/o conversi\u00f3n a epub&#8221; tab_id=&#8221;1668558744470-57b3910c-e548&#8243;][vc_row_inner][vc_column_inner width=&#8221;1\/2&#8243;][vc_single_image image=&#8221;849&#8243; img_size=&#8221;large&#8221;][\/vc_column_inner][vc_column_inner width=&#8221;1\/2&#8243;][vc_column_text]<\/p>\n<p style=\"text-align: justify;\">Hoy en d\u00eda podemos encontrar libros en dos formatos: f\u00edsico o digital. AGUAA ofrece las dos opciones, gracias a que cada d\u00eda son m\u00e1s las personas que buscan\u00a0las ediciones digitales. Te ofrecemos pros y contras de ambas para que elijas la mejor de acuerdo con tus objetivos (pueden ser ambas).<\/p>\n<p style=\"text-align: justify;\">El libro f\u00edsico o impreso para muchas personas sigue siendo m\u00e1s que un simple texto y lo ven m\u00e1s como un arte-objeto coleccionable. Un libro impreso nunca tendr\u00e1 problemas de accesibilidad porque nunca se quedar\u00e1 sin bater\u00eda ni se volver\u00e1 obsoleto. Numerosos estudios han comprobado que la memoria retiene mejor aquello que ley\u00f3 en papel que en un dispositivo electr\u00f3nico, ya que no existen distractores multimedia que nos desv\u00eden de la lectura. No generan basura tecnol\u00f3gica; si bien la producci\u00f3n de libros obliga a derribar \u00e1rboles, \u00e9stos son recursos renovables que bien gestionados \u2014de acuerdo con Greenpeace\u2014, impactan menos al medio ambiente que desechar un aparato electr\u00f3nico con sus materiales pl\u00e1sticos y qu\u00edmicos que contaminan mucho m\u00e1s. Los libros f\u00edsicos se pueden prestar o intercambiar, lo que no sucede con los electr\u00f3nicos que tienen un sinf\u00edn de candados para evitar su circulaci\u00f3n.<\/p>\n<p style=\"text-align: justify;\">Por otro lado, los libros electr\u00f3nicos son mucho m\u00e1s f\u00e1ciles de transportar en cualquier dispositivo o en los especializados para ello. Es m\u00e1s c\u00f3modo leer en estos si la obra es muy extensa. Permite ajustar el tama\u00f1o de la letra y el color del fondo de la pantalla. Son m\u00e1s econ\u00f3micos. Se pueden leer con luz propia, y suelen incluir diccionarios y traductores. El libro electr\u00f3nico es muy f\u00e1cil de adquirir y lo recibes de inmediato.<\/p>\n<p>[\/vc_column_text][\/vc_column_inner][\/vc_row_inner][\/vc_tta_section][vc_tta_section title=&#8221;Distribuci\u00f3n&#8221; tab_id=&#8221;1668558811812-1f452237-2000&#8243;][vc_row_inner][vc_column_inner width=&#8221;1\/2&#8243;][vc_single_image image=&#8221;850&#8243; img_size=&#8221;large&#8221;][\/vc_column_inner][vc_column_inner width=&#8221;1\/2&#8243;][vc_column_text]<\/p>\n<p style=\"text-align: justify;\">Nuestro servicio de distribuci\u00f3n est\u00e1 dirigido a editores, instituciones y autores independientes que desean que sus publicaciones se encuentren disponibles en librer\u00edas, lo que hacemos realidad a trav\u00e9s de un sistema de distribuci\u00f3n enfocado a colocar cada obra en el punto de venta ideal, de acuerdo con su perfil y al p\u00fablico al que va dirigido.<\/p>\n<p style=\"text-align: justify;\">Nuestro servicio tambi\u00e9n incluye la distribuci\u00f3n de E-books en las principales plataformas digitales como Amazon, Ingram, Kobo, Abebooks, Biblio.com.<\/p>\n<p style=\"text-align: center;\">\u00a0\u00bfQu\u00e9 te ofrecemos?<\/p>\n<ul style=\"text-align: justify;\">\n<li>Plan de distribuci\u00f3n establecido de com\u00fan acuerdo con autores y editores, para seleccionar los puntos de venta m\u00e1s convenientes de acuerdo con el tipo y tema de la obra, autor y cantidad de ejemplares disponibles, con el fin de que la obra tenga la exhibici\u00f3n pertinente y la mejor comercializaci\u00f3n posible.<\/li>\n<li>Recopilar y organizar la informaci\u00f3n de las obras (metadatos), as\u00ed como archivos, en el caso de E-books, para incluirlos en las diferentes plataformas de los puntos de venta f\u00edsicos y plataformas digitales.<\/li>\n<li>Gestionar los pedidos, tanto de las librer\u00edas f\u00edsicas como de las plataformas digitales, as\u00ed como realizar la log\u00edstica de entrega y devoluciones.<\/li>\n<li>Supervisar la exhibici\u00f3n de las obras en librer\u00edas f\u00edsicas.<\/li>\n<li>Gestionar ventas en bibliotecas seg\u00fan los temas de las obras.<\/li>\n<li>Difusi\u00f3n de las obras entre clientes, librer\u00edas y bibliotecas.<\/li>\n<li>Seguimiento a cortes de venta, reposiciones, pedidos nuevos, devoluciones y facturaci\u00f3n.<\/li>\n<li>Entrega peri\u00f3dica de reporte de distribuci\u00f3n y venta.<\/li>\n<\/ul>\n<p>[\/vc_column_text][\/vc_column_inner][\/vc_row_inner][\/vc_tta_section][vc_tta_section title=&#8221;Otros&#8221; tab_id=&#8221;1674348975355-32242800-9ee0&#8243;][vc_row_inner][vc_column_inner width=&#8221;1\/2&#8243;][vc_single_image image=&#8221;846&#8243; img_size=&#8221;large&#8221;][\/vc_column_inner][vc_column_inner width=&#8221;1\/2&#8243;][vc_column_text]<\/p>\n<p style=\"text-align: left;\">1. Asesor\u00eda personalizada<br \/>\n2. Dictamen de obras<br \/>\n3. Correcci\u00f3n de estilo y ortotipogr\u00e1fica, y cuidado de la edici\u00f3n<br \/>\n4. Dictamen, revisi\u00f3n y cuidado del aparato cr\u00edtico<br \/>\n5. Dise\u00f1o y formaci\u00f3n de interiores y forros<br \/>\n6. Tr\u00e1mites legales<br \/>\n7. Desarrollo de productos y proyectos editoriales<br \/>\n8. Coordinaci\u00f3n editorial<br \/>\n9. Edici\u00f3n, dise\u00f1o y maquetaci\u00f3n de publicaciones peri\u00f3dicas<br \/>\n10. Adaptaci\u00f3n o remaquetaci\u00f3n<br \/>\n11. Colaboraciones por proyecto o permanentes<\/p>\n<p>[\/vc_column_text][\/vc_column_inner][\/vc_row_inner][\/vc_tta_section][\/vc_tta_accordion][\/vc_column][\/vc_row]<\/p>\n","protected":false},"excerpt":{"rendered":"<p>[vc_row][vc_column css=&#8221;.vc_custom_1674349435100{margin-top: 100px !important;}&#8221;][vc_custom_heading text=&#8221;Servicios&#8221; google_fonts=&#8221;font_family:Cabin%3Aregular%2Citalic%2C500%2C500italic%2C600%2C600italic%2C700%2C700italic|font_style:400%20regular%3A400%3Anormal&#8221;][\/vc_column][vc_column][vc_tta_accordion style=&#8221;modern&#8221; color=&#8221;turquoise&#8221; spacing=&#8221;1&#8243; gap=&#8221;2&#8243; c_icon=&#8221;chevron&#8221; active_section=&#8221;non-existing number&#8221; collapsible_all=&#8221;true&#8221; css=&#8221;.vc_custom_1674348718692{padding-top: 20px !important;padding-bottom: 50px !important;}&#8221;][vc_tta_section title=&#8221;Edici\u00f3n&#8221; tab_id=&#8221;1668558372641-82c9e5ef-88de&#8221;][vc_row_inner][vc_column_inner width=&#8221;1\/2&#8243;][vc_single_image image=&#8221;847&#8243; img_size=&#8221;large&#8221;][\/vc_column_inner][vc_column_inner width=&#8221;1\/2&#8243;][vc_column_text] \u00a0El trabajo de correcci\u00f3n de estilo es el primero del proceso editorial y es muy importante porque es cuando detectamos errores gramaticales, ortogr\u00e1ficos, mala sintaxis, etc\u00e9tera. Con mucho cuidado revisamos [&hellip;]<\/p>\n","protected":false},"author":1,"featured_media":0,"parent":0,"menu_order":0,"comment_status":"closed","ping_status":"closed","template":"","meta":{"footnotes":""},"class_list":["post-675","page","type-page","status-publish","hentry"],"jetpack_sharing_enabled":true,"_links":{"self":[{"href":"https:\/\/aguaaeditoras.com\/index.php\/wp-json\/wp\/v2\/pages\/675","targetHints":{"allow":["GET"]}}],"collection":[{"href":"https:\/\/aguaaeditoras.com\/index.php\/wp-json\/wp\/v2\/pages"}],"about":[{"href":"https:\/\/aguaaeditoras.com\/index.php\/wp-json\/wp\/v2\/types\/page"}],"author":[{"embeddable":true,"href":"https:\/\/aguaaeditoras.com\/index.php\/wp-json\/wp\/v2\/users\/1"}],"replies":[{"embeddable":true,"href":"https:\/\/aguaaeditoras.com\/index.php\/wp-json\/wp\/v2\/comments?post=675"}],"version-history":[{"count":39,"href":"https:\/\/aguaaeditoras.com\/index.php\/wp-json\/wp\/v2\/pages\/675\/revisions"}],"predecessor-version":[{"id":954,"href":"https:\/\/aguaaeditoras.com\/index.php\/wp-json\/wp\/v2\/pages\/675\/revisions\/954"}],"wp:attachment":[{"href":"https:\/\/aguaaeditoras.com\/index.php\/wp-json\/wp\/v2\/media?parent=675"}],"curies":[{"name":"wp","href":"https:\/\/api.w.org\/{rel}","templated":true}]}}