{"id":560,"date":"2017-02-27T08:01:44","date_gmt":"2017-02-27T08:01:44","guid":{"rendered":"http:\/\/demo.ovathemes.com\/codepoint\/?page_id=545"},"modified":"2024-12-18T11:27:26","modified_gmt":"2024-12-18T17:27:26","slug":"home-8","status":"publish","type":"page","link":"https:\/\/aguaaeditoras.com\/","title":{"rendered":"Inicio"},"content":{"rendered":"<p>[vc_row full_width=&#8221;stretch_row_content_no_spaces&#8221;][vc_column offset=&#8221;vc_col-md-offset-0 vc_col-sm-offset-0&#8243;]<section id=\"hero-8\" class=\"hero-section division \" style=\"background-image: url(https:\/\/aguaaeditoras.com\/wp-content\/uploads\/2022\/11\/header1_ae.jpg)\">\n\t\t\t\t<div class=\"container\">\t\t\n\t\t\t\t\t<div class=\"row hero-row-180\">\n\t\t\t\t\t\t<div class=\"col-md-10 col-md-offset-1 hero-txt hero-slider text-center\">\t\t\t\t\t\t\t\t\t\t\n\t\t\t\t\t\t\t<ul class=\"slides\"><li class=\"hero-slide white-color \">\n\n\t\t\t\t<!-- Title -->\t\n\t\t\t\t<h2 class=\"h2-hero-medium\">\u00a1Queremos que te lean!<\/h2>\t\n\t\t\t\t\t\t\n\t\t\t\t<!-- Text -->\t\n\t\t\t\t<p class=\"p-hero-lg\"><\/p>\n\t\t\t\t\t\t\t\t\t\t\t\t\t\t\t\t\t\t\t\t\t\t\t\t\t\t\t\t\t\t\t\t\t\t\n\t\t\t\t<!-- Button -->\t\n\t\t\t\t<a class=\"btn btn-lg tra-hover m-top-20\" target=\"_blank\" href=\"https:\/\/aguaaeditoras.com\/index.php\/contacto\/\">Cont\u00e1ctanos <i class=\"fa fa-angle-double-right\" aria-hidden=\"true\"><\/i><\/a>\t\t\n\t\t\t\t\t\t\t\t\n\t\t\t<\/li><\/ul>\t\t\t\t\t\t\t\t\t\n\t\t\t\t\t\t<\/div>\n\t\t\t\t\t<\/div>\n\t\t\t\t<\/div>\n\t\t\t<\/section>[\/vc_column][\/vc_row][vc_row css=&#8221;.vc_custom_1668611924616{margin-bottom: -50px !important;}&#8221;][vc_column][vc_row_inner][vc_column_inner width=&#8221;1\/6&#8243;][vc_single_image image=&#8221;924&#8243; alignment=&#8221;center&#8221; css=&#8221;.vc_custom_1674344870179{padding-top: 30px !important;}&#8221;][vc_custom_heading text=&#8221;Nosotras&#8221; font_container=&#8221;tag:h2|text_align:center|color:%23e46e52&#8243; use_theme_fonts=&#8221;yes&#8221; link=&#8221;url:https%3A%2F%2Faguaaeditoras.com%2Findex.php%2Fquienes-conformamos-aguaa-editoras%2F&#8221; css=&#8221;.vc_custom_1670552466787{margin-top: -20px !important;border-top-width: -20px !important;padding-top: -20px !important;}&#8221;][\/vc_column_inner][vc_column_inner width=&#8221;1\/6&#8243;][vc_single_image image=&#8221;837&#8243; alignment=&#8221;center&#8221; css=&#8221;.vc_custom_1670552648584{padding-top: 30px !important;}&#8221;][vc_custom_heading text=&#8221;Servicios&#8221; font_container=&#8221;tag:h2|text_align:center|color:%23e46e52&#8243; use_theme_fonts=&#8221;yes&#8221; link=&#8221;url:https%3A%2F%2Faguaaeditoras.com%2Findex.php%2Fservicios%2F&#8221; css=&#8221;.vc_custom_1670245118431{margin-top: -20px !important;border-top-width: -20px !important;padding-top: -20px !important;}&#8221;][\/vc_column_inner][vc_column_inner width=&#8221;1\/6&#8243;][vc_single_image image=&#8221;836&#8243; alignment=&#8221;center&#8221; css=&#8221;.vc_custom_1670552659579{padding-top: 30px !important;}&#8221;][vc_custom_heading text=&#8221;Clientes&#8221; font_container=&#8221;tag:h2|text_align:center|color:%23e46e52&#8243; use_theme_fonts=&#8221;yes&#8221; link=&#8221;url:%23clientes&#8221; css=&#8221;.vc_custom_1670245184053{margin-top: -20px !important;border-top-width: -20px !important;padding-top: -20px !important;}&#8221;][\/vc_column_inner][vc_column_inner width=&#8221;1\/6&#8243;][vc_single_image image=&#8221;835&#8243; alignment=&#8221;center&#8221; css=&#8221;.vc_custom_1670552682299{padding-top: 30px !important;}&#8221;][vc_custom_heading text=&#8221;Blog&#8221; font_container=&#8221;tag:h2|text_align:center|color:%23e46e52&#8243; use_theme_fonts=&#8221;yes&#8221; link=&#8221;url:%20https%3A%2F%2Faguaaeditoras.com%2Findex.php%2Fblog%2F&#8221; css=&#8221;.vc_custom_1680974113668{margin-top: -20px !important;border-top-width: -20px !important;padding-top: -20px !important;}&#8221;][\/vc_column_inner][vc_column_inner width=&#8221;1\/6&#8243;][vc_single_image image=&#8221;834&#8243; alignment=&#8221;center&#8221; css=&#8221;.vc_custom_1670552694828{padding-top: 30px !important;}&#8221;][vc_custom_heading text=&#8221;Contacto&#8221; font_container=&#8221;tag:h2|text_align:center|color:%23e46e52&#8243; use_theme_fonts=&#8221;yes&#8221; link=&#8221;url:https%3A%2F%2Faguaaeditoras.com%2Findex.php%2Fcontacto%2F&#8221; css=&#8221;.vc_custom_1670245511672{margin-top: -20px !important;border-top-width: -20px !important;padding-top: -20px !important;}&#8221;][\/vc_column_inner][vc_column_inner width=&#8221;1\/6&#8243;][vc_single_image image=&#8221;1106&#8243; alignment=&#8221;center&#8221; css=&#8221;.vc_custom_1714504284545{padding-top: 30px !important;}&#8221;][vc_custom_heading text=&#8221;Tienda&#8221; font_container=&#8221;tag:h2|text_align:center|color:%23e46e52&#8243; use_theme_fonts=&#8221;yes&#8221; link=&#8221;url:https%3A%2F%2Faguaaeditoras.com%2Findex.php%2F2024%2F04%2F11%2Ftienda%2F|title:Tienda|target:_blank&#8221; css=&#8221;.vc_custom_1714504120168{margin-top: -20px !important;border-top-width: -20px !important;padding-top: -20px !important;}&#8221;][\/vc_column_inner][\/vc_row_inner][\/vc_column][\/vc_row][vc_row gap=&#8221;10&#8243; content_placement=&#8221;middle&#8221; el_id=&#8221;clientes&#8221; css=&#8221;.vc_custom_1674345331743{margin-bottom: -50px !important;}&#8221;][vc_column offset=&#8221;vc_col-lg-offset-0 vc_col-lg-12 vc_col-md-offset-0 vc_col-md-12&#8243; css=&#8221;.vc_custom_1674345367502{padding-top: 10px !important;padding-bottom: 10px !important;}&#8221;][vc_custom_heading text=&#8221;Nuestros clientes&#8221; font_container=&#8221;tag:h3|text_align:justify&#8221; use_theme_fonts=&#8221;yes&#8221;][vc_column_text]<\/p>\n<p style=\"text-align: justify;\"><strong>En el corto tiempo de creaci\u00f3n hemos tenido el honor de trabajar para importantes instituciones nacionales as\u00ed como con autoras independientes, dando asesor\u00eda y servicio en las distintas \u00e1reas del proceso editorial.<\/strong><\/p>\n<p>[\/vc_column_text][vc_icon icon_fontawesome=&#8221;fas fa-book-open&#8221; color=&#8221;sandy_brown&#8221; align=&#8221;center&#8221;][\/vc_column][\/vc_row][vc_row el_class=&#8221;wide-50 about-section division&#8221; css=&#8221;.vc_custom_1668611932498{margin-bottom: -50px !important;}&#8221;][vc_column width=&#8221;2\/3&#8243;][vc_column_text]<\/p>\n<p style=\"text-align: justify;\">&#8220;El dise\u00f1o editorial es una disciplina dentro de la disciplina del dise\u00f1o, requiere cuidado y empat\u00eda con los autores y sus textos, algo que no se adquiere en la universidad sino con la experiencia. AGUAA Editoras no s\u00f3lo mostr\u00f3 un trabajo profesional y confiable sino tambi\u00e9n mucha paciencia y empat\u00eda con los autores. Tambi\u00e9n quiero se\u00f1alar que el trabajo de correcci\u00f3n de estilo nos ayud\u00f3 a comprender mejor lo que hab\u00edamos producido: siempre fue claro y muy preciso.<br \/>\nFue una experiencia muy satisfactoria y espero que nos sirva de ejemplo para que mis estudiantes aspiren a ofrecer esa calidad de trabajo y trato con los clientes sin importar cual sea su rama.&#8221;<\/p>\n<p style=\"text-align: right;\"><em>Dra. Blanca L\u00f3pez P\u00e9rez<br \/>\nCoordinadora del Grupo de Investigaci\u00f3n, Dise\u00f1o y Filosof\u00eda de la Cultura<br \/>\nDepartamento de Investigaci\u00f3n y Conocimiento para el Dise\u00f1o<br \/>\nDepartamento de Ciencias y Artes para el Dise\u00f1o<br \/>\nUniversidad Aut\u00f3noma Metropolitana, unidad Azcapotzalco<br \/>\nCoordinadora del libro Videojuegos y lenguaje, 2022<\/em><\/p>\n<p><img loading=\"lazy\" decoding=\"async\" class=\"alignright wp-image-887\" src=\"https:\/\/aguaaeditoras.com\/wp-content\/uploads\/2022\/12\/uam3-300x218.png\" alt=\"\" width=\"150\" height=\"109\" srcset=\"https:\/\/aguaaeditoras.com\/wp-content\/uploads\/2022\/12\/uam3-300x218.png 300w, https:\/\/aguaaeditoras.com\/wp-content\/uploads\/2022\/12\/uam3-768x558.png 768w, https:\/\/aguaaeditoras.com\/wp-content\/uploads\/2022\/12\/uam3-372x270.png 372w, https:\/\/aguaaeditoras.com\/wp-content\/uploads\/2022\/12\/uam3.png 842w\" sizes=\"auto, (max-width: 150px) 100vw, 150px\" \/>[\/vc_column_text][\/vc_column][vc_column width=&#8221;1\/3&#8243;][vc_row_inner][vc_column_inner][vc_single_image image=&#8221;623&#8243; img_size=&#8221;full&#8221; alignment=&#8221;center&#8221;][\/vc_column_inner][\/vc_row_inner][\/vc_column][\/vc_row][vc_row el_class=&#8221;wide-50 about-section division&#8221; css=&#8221;.vc_custom_1668611932498{margin-bottom: -50px !important;}&#8221;][vc_column width=&#8221;2\/3&#8243;][vc_column_text]<\/p>\n<p class=\"p1\">\u201cConjuntando la pasi\u00f3n por los libros y el gusto por la edici\u00f3n, agua editoras expresi\u00f3n del preciosismo artesanal y la vocaci\u00f3n y actitud de servicio como ya no es posible encontrar en el medio.\u201d<\/p>\n<p class=\"p1\" style=\"text-align: right;\"><em>Dr. Arturo Rocha,<\/em><\/p>\n<p class=\"p1\" style=\"text-align: right;\"><em>director acad\u00e9mico<\/em><\/p>\n<p class=\"p1\" style=\"text-align: right;\"><em>del Colegio de Estudios Guadalupanos de la Universidad Intercontinental.<\/em><\/p>\n<p><img loading=\"lazy\" decoding=\"async\" class=\"size-medium wp-image-1121 alignright\" src=\"https:\/\/aguaaeditoras.com\/wp-content\/uploads\/2024\/12\/5dc95651a2ba3uinterconti-300x172.jpg\" alt=\"\" width=\"300\" height=\"172\" srcset=\"https:\/\/aguaaeditoras.com\/wp-content\/uploads\/2024\/12\/5dc95651a2ba3uinterconti-300x172.jpg 300w, https:\/\/aguaaeditoras.com\/wp-content\/uploads\/2024\/12\/5dc95651a2ba3uinterconti-372x214.jpg 372w, https:\/\/aguaaeditoras.com\/wp-content\/uploads\/2024\/12\/5dc95651a2ba3uinterconti.jpg 627w\" sizes=\"auto, (max-width: 300px) 100vw, 300px\" \/>[\/vc_column_text][\/vc_column][vc_column width=&#8221;1\/3&#8243;][vc_row_inner][vc_column_inner][vc_single_image image=&#8221;1122&#8243; img_size=&#8221;full&#8221; alignment=&#8221;center&#8221;][\/vc_column_inner][\/vc_row_inner][\/vc_column][\/vc_row][vc_row el_class=&#8221;wide-50 about-section division&#8221; css=&#8221;.vc_custom_1668611932498{margin-bottom: -50px !important;}&#8221;][vc_column width=&#8221;2\/3&#8243;][vc_column_text]&#8221;AGUAA Editoras ofrece servicios de calidad con resultados que muestran<br \/>\nsu compromiso con las publicaciones que se les encomiendan&#8221;.<\/p>\n<p><em>Mtra. Sandra Luz Molina Mata<\/em><br \/>\n<em>Jefa del Departamento de Investigaci\u00f3n y Conocimiento del Dise\u00f1o<\/em><br \/>\n<em>UAM Azcapotzalco<\/em><\/p>\n<p>&nbsp;<\/p>\n<p>En cuanto organizamos los art\u00edculos que conformar\u00edan nuestro libro<br \/>\nsurgi\u00f3 la pregunta: \u00bfQui\u00e9n se encargar\u00e1 de organizar su publicaci\u00f3n?<br \/>\nAfortunadamente nos dieron buenas referencias del equipo de AGUAA<br \/>\nEditoras y les contactamos de inmediato para saber si podr\u00edan<br \/>\nauxiliarnos.<\/p>\n<p>Sin duda fue la mejor opci\u00f3n: la atenci\u00f3n incomparable y el<br \/>\nprofesionalismo insuperable nos llevaron a un excelente resultado.<\/p>\n<p>\u00a1Muchas gracias!<\/p>\n<p style=\"text-align: right;\"><em>Dr. Jos\u00e9 Ignacio Aceves Jim\u00e9nez<\/em><br \/>\n<em>Jefe del \u00c1rea de An\u00e1lisis y Prospectiva del Dise\u00f1o<\/em><br \/>\n<em>Departamento de Investigaci\u00f3n y Conocimiento para el Dise\u00f1o<\/em><br \/>\n<em>Divisi\u00f3n de Ciencias y Artes para el Dise\u00f1o<\/em><br \/>\n<em>Universidad Aut\u00f3noma Metropolitana, unidad Azcapotzalco<\/em><br \/>\n<em>Coordinador del libro Dise\u00f1o, an\u00e1lisis y cultura, 2023<\/em><\/p>\n<p>[\/vc_column_text][\/vc_column][vc_column width=&#8221;1\/3&#8243;][vc_row_inner][vc_column_inner][vc_single_image image=&#8221;1077&#8243; img_size=&#8221;full&#8221; alignment=&#8221;center&#8221;][\/vc_column_inner][\/vc_row_inner][\/vc_column][\/vc_row][vc_row el_class=&#8221;wide-50 about-section division&#8221; css=&#8221;.vc_custom_1668611932498{margin-bottom: -50px !important;}&#8221;][vc_column width=&#8221;2\/3&#8243;][vc_column_text]<\/p>\n<p style=\"text-align: justify;\">&#8220;De mi experiencia con AGUAA s\u00f3lo puedo decir cosas buenas. Es un s\u00faper equipo, muy profesional, siempre al pendiente y en constante comunicaci\u00f3n; \u00a1hasta me dieron el empujoncito que necesitaba para concluir este proyecto que me tom\u00f3 tantos a\u00f1os armar!<\/p>\n<p style=\"text-align: justify;\">Gracias por entender mis ideas y mi estilo, y proyectarlos en el hermoso libro que pronto se materializar\u00e1.&#8221;<\/p>\n<p style=\"text-align: right;\"><em>Susana Delait<\/em><br \/>\n<em>Psic\u00f3loga &#8211; Chef<\/em><\/p>\n<p>[\/vc_column_text][\/vc_column][vc_column width=&#8221;1\/3&#8243;][vc_row_inner][vc_column_inner][vc_single_image image=&#8221;897&#8243; img_size=&#8221;full&#8221; alignment=&#8221;center&#8221;][\/vc_column_inner][\/vc_row_inner][\/vc_column][\/vc_row][vc_row full_width=&#8221;stretch_row_content&#8221; el_class=&#8221;b-top-grey&#8221; css=&#8221;.vc_custom_1674354316516{background-color: #f7f7f7 !important;}&#8221;][vc_column][vc_custom_heading text=&#8221;Servicios&#8221; font_container=&#8221;tag:h3|text_align:center&#8221; google_fonts=&#8221;font_family:Cabin%3Aregular%2Citalic%2C500%2C500italic%2C600%2C600italic%2C700%2C700italic|font_style:400%20regular%3A400%3Anormal&#8221;][vc_tta_tabs shape=&#8221;round&#8221; color=&#8221;white&#8221; alignment=&#8221;center&#8221; active_section=&#8221;1&#8243; css_animation=&#8221;none&#8221; no_fill_content_area=&#8221;true&#8221; el_class=&#8221;promo_tabs&#8221; css=&#8221;.vc_custom_1674344089068{margin-right: 20px !important;margin-bottom: 10px !important;margin-left: 20px !important;}&#8221;][vc_tta_section title=&#8221;Edici\u00f3n&#8221; tab_id=&#8221;1668490679465-ff4e7f80-ae8a&#8221;][vc_row_inner][vc_column_inner width=&#8221;1\/4&#8243;][vc_single_image image=&#8221;847&#8243; img_size=&#8221;large&#8221;][\/vc_column_inner][vc_column_inner width=&#8221;3\/4&#8243;][vc_column_text]En Aguaa nos encanta ser detallistas y nos concentramos en cada l\u00ednea de un texto con el objetivo de que las obras destaquen no s\u00f3lo por su forma sino tambi\u00e9n por su contenido. Imagina que el manuscrito ya es un diamante, pero s\u00f3lo le falta el brillo.<\/p>\n<p>El trabajo de correcci\u00f3n de estilo es el primero del proceso editorial, y es similar al del tallador de diamantes; es muy importante porque aqu\u00ed es cuando pulimos los textos. Tallando detectamos si se col\u00f3 alg\u00fan error gramatical o si podemos mejorar la sintaxis. Ajustamos la ortograf\u00eda a las normas vigentes, verificamos que la puntuaci\u00f3n del escrito permita la transmisi\u00f3n clara del mensaje y que las palabras en otros idiomas est\u00e9n bien escritas; eliminamos cacofon\u00edas, extranjerismos innecesarios y repeticiones, pero siempre, ante cualquier duda, nos comunicamos con las y los autores a fin de no desvirtuar sus ideas.<\/p>\n<p>Posterior a la correcci\u00f3n de estilo cuidamos la edici\u00f3n, realizando, en principio,\u00a0 varias lecturas ortotipogr\u00e1ficas. Este tipo de lectura consiste en detectar errores que probablemente se hayan escapado a la correcci\u00f3n de estilo como una que otra palabra mal escrita o repetida, o algunas tildes y signos de puntuaci\u00f3n faltantes; aplicamos recursos tipogr\u00e1ficos como comillas, numerales, cursivas, negritas, versalitas, etc\u00e9tera.<\/p>\n<p>Cuando la lectura se realiza sobre el texto ya maquetado (compaginado), tanto para versi\u00f3n impresa como digital, nos enfocamos en cuidar la formaci\u00f3n para que el libro se vea armonioso. Por \u00faltimo, revisamos de nuevo el contenido, elaboramos el \u00edndice y cotejamos la paginaci\u00f3n.<\/p>\n<p>\u00a1Ahora s\u00ed, el texto brilla como el diamante y est\u00e1 listo para ser publicado![\/vc_column_text][\/vc_column_inner][\/vc_row_inner][\/vc_tta_section][vc_tta_section title=&#8221;Dise\u00f1o&#8221; tab_id=&#8221;1668490677348-61659430-07fc&#8221;][vc_row_inner][vc_column_inner width=&#8221;1\/4&#8243;][vc_single_image image=&#8221;848&#8243; img_size=&#8221;large&#8221;][\/vc_column_inner][vc_column_inner width=&#8221;3\/4&#8243;][vc_column_text]<\/p>\n<p style=\"text-align: justify;\">En AGUAA nos esmeramos en crear obras de arte, combinando cuidadosamente la pasi\u00f3n por las letras con el dise\u00f1o para que cada libro sea, adem\u00e1s de \u00fatil, bello.<\/p>\n<p style=\"text-align: justify;\">Contamos con la experiencia para dise\u00f1ar los libros de acuerdo con el tema, encontrando equilibrio y armon\u00eda entre las distintas partes del contenido para que se integren en un todo, a trav\u00e9s del tratamiento tipogr\u00e1fico y gr\u00e1fico adecuado, con el fin de conectar a las y los autores con su p\u00fablico, mediante el libro como un\u00a0 objeto de arte.<\/p>\n<p style=\"text-align: justify;\">Con respecto a los forros, las y los autores pueden comunicarnos si desean algo en particular o si prefieren alguna sugerencia. Recordemos que la portada es la carta de presentaci\u00f3n y debe ser impactante.<\/p>\n<p>[\/vc_column_text][\/vc_column_inner][\/vc_row_inner][\/vc_tta_section][vc_tta_section title=&#8221;Impresi\u00f3n y\/o conversi\u00f3n a epub&#8221; tab_id=&#8221;1487665908888-a4632247-29a6&#8243;][vc_row_inner][vc_column_inner width=&#8221;1\/4&#8243;][vc_single_image image=&#8221;849&#8243; img_size=&#8221;large&#8221;][\/vc_column_inner][vc_column_inner width=&#8221;3\/4&#8243;][vc_column_text]<\/p>\n<p style=\"text-align: justify;\">Hoy en d\u00eda podemos encontrar libros en dos formatos: f\u00edsico o digital. AGUAA ofrece las dos opciones, gracias a que cada d\u00eda son m\u00e1s las personas que buscan\u00a0las ediciones digitales. Te ofrecemos pros y contras de ambas para que elijas la mejor de acuerdo con tus objetivos (pueden ser ambas).<\/p>\n<p style=\"text-align: justify;\">El libro f\u00edsico o impreso para muchas personas sigue siendo m\u00e1s que un simple texto y lo ven m\u00e1s como un arte-objeto coleccionable. Un libro impreso nunca tendr\u00e1 problemas de accesibilidad porque nunca se quedar\u00e1 sin bater\u00eda ni se volver\u00e1 obsoleto. Numerosos estudios han comprobado que la memoria retiene mejor aquello que ley\u00f3 en papel que en un dispositivo electr\u00f3nico, ya que no existen distractores multimedia que nos desv\u00eden de la lectura. No generan basura tecnol\u00f3gica; si bien la producci\u00f3n de libros obliga a derribar \u00e1rboles, \u00e9stos son recursos renovables que bien gestionados \u2014de acuerdo con Greenpeace\u2014, impactan menos al medio ambiente que desechar un aparato electr\u00f3nico con sus materiales pl\u00e1sticos y qu\u00edmicos que contaminan mucho m\u00e1s. Los libros f\u00edsicos se pueden prestar o intercambiar, lo que no sucede con los electr\u00f3nicos que tienen un sinf\u00edn de candados para evitar su circulaci\u00f3n.<\/p>\n<p style=\"text-align: justify;\">Por otro lado, los libros electr\u00f3nicos son mucho m\u00e1s f\u00e1ciles de transportar en cualquier dispositivo o en los especializados para ello. Es m\u00e1s c\u00f3modo leer en estos si la obra es muy extensa. Permite ajustar el tama\u00f1o de la letra y el color del fondo de la pantalla. Son m\u00e1s econ\u00f3micos. Se pueden leer con luz propia, y suelen incluir diccionarios y traductores. El libro electr\u00f3nico es muy f\u00e1cil de adquirir y lo recibes de inmediato.<\/p>\n<p>[\/vc_column_text][\/vc_column_inner][\/vc_row_inner][\/vc_tta_section][vc_tta_section title=&#8221;Distribuci\u00f3n&#8221; tab_id=&#8221;1668490680439-78861e7b-b470&#8243;][vc_row_inner][vc_column_inner width=&#8221;1\/4&#8243;][vc_single_image image=&#8221;850&#8243; img_size=&#8221;large&#8221;][\/vc_column_inner][vc_column_inner width=&#8221;3\/4&#8243;][vc_column_text]<\/p>\n<p style=\"text-align: justify;\">Nuestro servicio de distribuci\u00f3n est\u00e1 dirigido a editores, instituciones y autores independientes que desean que sus publicaciones se encuentren disponibles en librer\u00edas, lo que hacemos realidad a trav\u00e9s de un sistema de distribuci\u00f3n enfocado a colocar cada obra en el punto de venta ideal, de acuerdo con su perfil y al p\u00fablico al que va dirigido.<\/p>\n<p style=\"text-align: justify;\">Nuestro servicio tambi\u00e9n incluye la distribuci\u00f3n de E-books en las principales plataformas digitales como Amazon, Ingram, Kobo, Abebooks, Biblio.com.<\/p>\n<p style=\"text-align: center;\">\u00a0\u00bfQu\u00e9 te ofrecemos?<\/p>\n<ul style=\"text-align: justify;\">\n<li>Plan de distribuci\u00f3n establecido de com\u00fan acuerdo con autores y editores, para seleccionar los puntos de venta m\u00e1s convenientes de acuerdo con el tipo y tema de la obra, autor y cantidad de ejemplares disponibles, con el fin de que la obra tenga la exhibici\u00f3n pertinente y la mejor comercializaci\u00f3n posible.<\/li>\n<li>Recopilar y organizar la informaci\u00f3n de las obras (metadatos), as\u00ed como archivos, en el caso de E-books, para incluirlos en las diferentes plataformas de los puntos de venta f\u00edsicos y plataformas digitales.<\/li>\n<li>Gestionar los pedidos, tanto de las librer\u00edas f\u00edsicas como de las plataformas digitales, as\u00ed como realizar la log\u00edstica de entrega y devoluciones.<\/li>\n<li>Supervisar la exhibici\u00f3n de las obras en librer\u00edas f\u00edsicas.<\/li>\n<li>Gestionar ventas en bibliotecas seg\u00fan los temas de las obras.<\/li>\n<li>Difusi\u00f3n de las obras entre clientes, librer\u00edas y bibliotecas.<\/li>\n<li>Seguimiento a cortes de venta, reposiciones, pedidos nuevos, devoluciones y facturaci\u00f3n.<\/li>\n<li>Entrega peri\u00f3dica de reporte de distribuci\u00f3n y venta.<\/li>\n<\/ul>\n<p>[\/vc_column_text][\/vc_column_inner][\/vc_row_inner][\/vc_tta_section][vc_tta_section title=&#8221;Otros&#8221; tab_id=&#8221;1668490682572-43f3bc4d-82e7&#8243;][vc_row_inner][vc_column_inner width=&#8221;1\/4&#8243;][vc_single_image image=&#8221;846&#8243; img_size=&#8221;large&#8221;][\/vc_column_inner][vc_column_inner width=&#8221;3\/4&#8243;][vc_column_text]<\/p>\n<p style=\"text-align: left;\">1. Asesor\u00eda personalizada<br \/>\n2. Dictamen de obras<br \/>\n3. Correcci\u00f3n de estilo y ortotipogr\u00e1fica, y cuidado de la edici\u00f3n<br \/>\n4. Dictamen, revisi\u00f3n y cuidado del aparato cr\u00edtico<br \/>\n5. Dise\u00f1o y formaci\u00f3n de interiores y forros<br \/>\n6. Tr\u00e1mites legales<br \/>\n7. Desarrollo de productos y proyectos editoriales<br \/>\n8. Coordinaci\u00f3n editorial<br \/>\n9. Edici\u00f3n, dise\u00f1o y maquetaci\u00f3n de publicaciones peri\u00f3dicas<br \/>\n10. Adaptaci\u00f3n o remaquetaci\u00f3n<br \/>\n11. Colaboraciones por proyecto o permanentes<\/p>\n<p>[\/vc_column_text][\/vc_column_inner][\/vc_row_inner][\/vc_tta_section][\/vc_tta_tabs][\/vc_column][\/vc_row]<\/p>\n","protected":false},"excerpt":{"rendered":"<p>[vc_row full_width=&#8221;stretch_row_content_no_spaces&#8221;][vc_column offset=&#8221;vc_col-md-offset-0 vc_col-sm-offset-0&#8243;][\/vc_column][\/vc_row][vc_row css=&#8221;.vc_custom_1668611924616{margin-bottom: -50px !important;}&#8221;][vc_column][vc_row_inner][vc_column_inner width=&#8221;1\/6&#8243;][vc_single_image image=&#8221;924&#8243; alignment=&#8221;center&#8221; css=&#8221;.vc_custom_1674344870179{padding-top: 30px !important;}&#8221;][vc_custom_heading text=&#8221;Nosotras&#8221; font_container=&#8221;tag:h2|text_align:center|color:%23e46e52&#8243; use_theme_fonts=&#8221;yes&#8221; link=&#8221;url:https%3A%2F%2Faguaaeditoras.com%2Findex.php%2Fquienes-conformamos-aguaa-editoras%2F&#8221; css=&#8221;.vc_custom_1670552466787{margin-top: -20px !important;border-top-width: -20px !important;padding-top: -20px !important;}&#8221;][\/vc_column_inner][vc_column_inner width=&#8221;1\/6&#8243;][vc_single_image image=&#8221;837&#8243; alignment=&#8221;center&#8221; css=&#8221;.vc_custom_1670552648584{padding-top: 30px !important;}&#8221;][vc_custom_heading text=&#8221;Servicios&#8221; font_container=&#8221;tag:h2|text_align:center|color:%23e46e52&#8243; use_theme_fonts=&#8221;yes&#8221; link=&#8221;url:https%3A%2F%2Faguaaeditoras.com%2Findex.php%2Fservicios%2F&#8221; css=&#8221;.vc_custom_1670245118431{margin-top: -20px !important;border-top-width: -20px !important;padding-top: -20px !important;}&#8221;][\/vc_column_inner][vc_column_inner width=&#8221;1\/6&#8243;][vc_single_image image=&#8221;836&#8243; alignment=&#8221;center&#8221; css=&#8221;.vc_custom_1670552659579{padding-top: 30px !important;}&#8221;][vc_custom_heading text=&#8221;Clientes&#8221; font_container=&#8221;tag:h2|text_align:center|color:%23e46e52&#8243; use_theme_fonts=&#8221;yes&#8221; link=&#8221;url:%23clientes&#8221; css=&#8221;.vc_custom_1670245184053{margin-top: -20px !important;border-top-width: -20px [&hellip;]<\/p>\n","protected":false},"author":1,"featured_media":0,"parent":0,"menu_order":0,"comment_status":"closed","ping_status":"closed","template":"","meta":{"footnotes":""},"class_list":["post-560","page","type-page","status-publish","hentry"],"jetpack_sharing_enabled":true,"_links":{"self":[{"href":"https:\/\/aguaaeditoras.com\/index.php\/wp-json\/wp\/v2\/pages\/560","targetHints":{"allow":["GET"]}}],"collection":[{"href":"https:\/\/aguaaeditoras.com\/index.php\/wp-json\/wp\/v2\/pages"}],"about":[{"href":"https:\/\/aguaaeditoras.com\/index.php\/wp-json\/wp\/v2\/types\/page"}],"author":[{"embeddable":true,"href":"https:\/\/aguaaeditoras.com\/index.php\/wp-json\/wp\/v2\/users\/1"}],"replies":[{"embeddable":true,"href":"https:\/\/aguaaeditoras.com\/index.php\/wp-json\/wp\/v2\/comments?post=560"}],"version-history":[{"count":155,"href":"https:\/\/aguaaeditoras.com\/index.php\/wp-json\/wp\/v2\/pages\/560\/revisions"}],"predecessor-version":[{"id":1125,"href":"https:\/\/aguaaeditoras.com\/index.php\/wp-json\/wp\/v2\/pages\/560\/revisions\/1125"}],"wp:attachment":[{"href":"https:\/\/aguaaeditoras.com\/index.php\/wp-json\/wp\/v2\/media?parent=560"}],"curies":[{"name":"wp","href":"https:\/\/api.w.org\/{rel}","templated":true}]}}